{"id":354,"date":"2019-07-11T11:05:18","date_gmt":"2019-07-11T09:05:18","guid":{"rendered":"https:\/\/deklaracjeintrastat.pl\/?page_id=354"},"modified":"2023-06-29T12:45:16","modified_gmt":"2023-06-29T10:45:16","slug":"customs-service","status":"publish","type":"page","link":"https:\/\/deklaracjeintrastat.pl\/en\/customs-service\/","title":{"rendered":"Customs service"},"content":{"rendered":"<p>[et_pb_section fb_built=&#8221;1&#8243; _builder_version=&#8221;4.16&#8243; background_image=&#8221;https:\/\/deklaracjeintrastat.pl\/wp-content\/uploads\/2019\/07\/naglowek.jpg&#8221; global_colors_info=&#8221;{}&#8221;][et_pb_row admin_label=&#8221;Wiersz&#8221; _builder_version=&#8221;4.16&#8243; background_size=&#8221;initial&#8221; background_position=&#8221;top_left&#8221; background_repeat=&#8221;repeat&#8221; global_colors_info=&#8221;{}&#8221;][et_pb_column type=&#8221;4_4&#8243; _builder_version=&#8221;4.16&#8243; custom_padding=&#8221;|||&#8221; global_colors_info=&#8221;{}&#8221; custom_padding__hover=&#8221;|||&#8221;][et_pb_post_title meta=&#8221;off&#8221; featured_image=&#8221;off&#8221; text_color=&#8221;light&#8221; _builder_version=&#8221;4.16&#8243; title_font_size=&#8221;40px&#8221; title_font_size_tablet=&#8221;&#8221; title_font_size_phone=&#8221;25px&#8221; title_font_size_last_edited=&#8221;on|phone&#8221; global_colors_info=&#8221;{}&#8221;][\/et_pb_post_title][\/et_pb_column][\/et_pb_row][\/et_pb_section][et_pb_section fb_built=&#8221;1&#8243; _builder_version=&#8221;4.16&#8243; custom_padding=&#8221;40px|0px|0|0px|false|false&#8221; global_colors_info=&#8221;{}&#8221;][et_pb_row column_structure=&#8221;3_5,2_5&#8243; _builder_version=&#8221;4.16&#8243; background_size=&#8221;initial&#8221; background_position=&#8221;top_left&#8221; background_repeat=&#8221;repeat&#8221; global_colors_info=&#8221;{}&#8221;][et_pb_column type=&#8221;3_5&#8243; _builder_version=&#8221;4.16&#8243; custom_padding=&#8221;|||&#8221; global_colors_info=&#8221;{}&#8221; custom_padding__hover=&#8221;|||&#8221;][et_pb_text _builder_version=&#8221;4.21.0&#8243; text_font=&#8221;|300|||||||&#8221; text_font_size=&#8221;18px&#8221; header_font_size=&#8221;40px&#8221; header_2_font=&#8221;|300|||||||&#8221; header_2_font_size=&#8221;20px&#8221; hover_enabled=&#8221;0&#8243; header_font_size_tablet=&#8221;&#8221; header_font_size_phone=&#8221;25px&#8221; header_font_size_last_edited=&#8221;on|phone&#8221; header_2_font_size_tablet=&#8221;&#8221; header_2_font_size_phone=&#8221;15px&#8221; header_2_font_size_last_edited=&#8221;on|phone&#8221; global_colors_info=&#8221;{}&#8221; sticky_enabled=&#8221;0&#8243;]<\/p>\n<p>Many years of experience with AC KAMI in the customs industry and following the latest tax and customs regulations have prompted us to expand our services with customs clearance in a simplified procedure. The customs agency in Pozna\u0144 and Wrze\u015bnia conducts clearance both in the import and export of goods (export, import).<\/p>\n<p>We have a point at the Customs Office in Pozna\u0144 (ul. Wichrowa 4), which allows you to perform customs clearance even on holidays and outside office hours. We guarantee efficient service and assistance in completing the procedures.<\/p>\n<p>Customs services also include the preparation of documentation for the needs of export and import and assistance in all procedures towards the Customs Chamber (including INTRASTAT declarations, export in the AES system, EUR.1 customs documents, TIR carnets, CMR).<\/p>\n<p>[\/et_pb_text][\/et_pb_column][et_pb_column type=&#8221;2_5&#8243; _builder_version=&#8221;4.16&#8243; custom_padding=&#8221;|||&#8221; global_colors_info=&#8221;{}&#8221; custom_padding__hover=&#8221;|||&#8221;][et_pb_image src=&#8221;https:\/\/deklaracjeintrastat.pl\/wp-content\/uploads\/2019\/07\/agencja-celna-poznan.jpg&#8221; alt=&#8221;Obs\u0142uga celna Pozna\u0144 Wrze\u015bnia&#8221; title_text=&#8221;Trucks Heavy Traffic&#8221; align_tablet=&#8221;center&#8221; align_phone=&#8221;&#8221; align_last_edited=&#8221;on|desktop&#8221; _builder_version=&#8221;4.16&#8243; global_colors_info=&#8221;{}&#8221;][\/et_pb_image][\/et_pb_column][\/et_pb_row][et_pb_row _builder_version=&#8221;4.16&#8243; background_size=&#8221;initial&#8221; background_position=&#8221;top_left&#8221; background_repeat=&#8221;repeat&#8221; global_colors_info=&#8221;{}&#8221;][et_pb_column type=&#8221;4_4&#8243; _builder_version=&#8221;4.16&#8243; custom_padding=&#8221;|||&#8221; global_colors_info=&#8221;{}&#8221; custom_padding__hover=&#8221;|||&#8221;][et_pb_text _builder_version=&#8221;4.21.0&#8243; text_font=&#8221;|300|||||||&#8221; text_font_size=&#8221;15px&#8221; header_font_size=&#8221;40px&#8221; header_2_font=&#8221;|300|||||||&#8221; header_2_font_size=&#8221;20px&#8221; hover_enabled=&#8221;0&#8243; header_font_size_tablet=&#8221;&#8221; header_font_size_phone=&#8221;25px&#8221; header_font_size_last_edited=&#8221;on|phone&#8221; header_2_font_size_tablet=&#8221;&#8221; header_2_font_size_phone=&#8221;15px&#8221; header_2_font_size_last_edited=&#8221;on|phone&#8221; global_colors_info=&#8221;{}&#8221; sticky_enabled=&#8221;0&#8243;]<\/p>\n<h2 style=\"font-size: 24px;\"><strong>Customs service &#8211; a comprehensive service<\/strong><\/h2>\n<p>[\/et_pb_text][et_pb_text _builder_version=&#8221;4.21.0&#8243; text_font=&#8221;|300|||||||&#8221; text_font_size=&#8221;18px&#8221; header_font_size=&#8221;40px&#8221; header_2_font=&#8221;|300|||||||&#8221; header_2_font_size=&#8221;20px&#8221; hover_enabled=&#8221;0&#8243; header_font_size_tablet=&#8221;&#8221; header_font_size_phone=&#8221;25px&#8221; header_font_size_last_edited=&#8221;on|phone&#8221; header_2_font_size_tablet=&#8221;&#8221; header_2_font_size_phone=&#8221;15px&#8221; header_2_font_size_last_edited=&#8221;on|phone&#8221; global_colors_info=&#8221;{}&#8221; sticky_enabled=&#8221;0&#8243;]<\/p>\n<p>As part of our activity, we offer you comprehensive customs services in all customs procedures:<\/p>\n<p>[\/et_pb_text][\/et_pb_column][\/et_pb_row][et_pb_row column_structure=&#8221;1_4,1_4,1_4,1_4&#8243; _builder_version=&#8221;4.16&#8243; background_size=&#8221;initial&#8221; background_position=&#8221;top_left&#8221; background_repeat=&#8221;repeat&#8221; global_colors_info=&#8221;{}&#8221;][et_pb_column type=&#8221;1_4&#8243; _builder_version=&#8221;4.16&#8243; custom_padding=&#8221;|||&#8221; global_colors_info=&#8221;{}&#8221; custom_padding__hover=&#8221;|||&#8221;][et_pb_blurb title=&#8221;import &#8211; also clearance in the simplified procedure with VAT settlement in the VAT-7 declaration&#8221; use_icon=&#8221;on&#8221; font_icon=&#8221;&#x4e;||divi||400&#8243; icon_placement=&#8221;left&#8221; _builder_version=&#8221;4.21.0&#8243; hover_enabled=&#8221;0&#8243; global_colors_info=&#8221;{}&#8221; sticky_enabled=&#8221;0&#8243;][\/et_pb_blurb][\/et_pb_column][et_pb_column type=&#8221;1_4&#8243; _builder_version=&#8221;4.16&#8243; custom_padding=&#8221;|||&#8221; global_colors_info=&#8221;{}&#8221; custom_padding__hover=&#8221;|||&#8221;][et_pb_blurb title=&#8221;export in the ECS system &#8211; simplified procedure&#8221; use_icon=&#8221;on&#8221; font_icon=&#8221;&#x4e;||divi||400&#8243; icon_placement=&#8221;left&#8221; _builder_version=&#8221;4.21.0&#8243; hover_enabled=&#8221;0&#8243; global_colors_info=&#8221;{}&#8221; sticky_enabled=&#8221;0&#8243;][\/et_pb_blurb][\/et_pb_column][et_pb_column type=&#8221;1_4&#8243; _builder_version=&#8221;4.16&#8243; custom_padding=&#8221;|||&#8221; global_colors_info=&#8221;{}&#8221; custom_padding__hover=&#8221;|||&#8221;][et_pb_blurb title=&#8221;economic procedures &#8211; inward processing, outward processing, temporary admission, customs warehouse&#8221; use_icon=&#8221;on&#8221; font_icon=&#8221;&#x4e;||divi||400&#8243; icon_placement=&#8221;left&#8221; _builder_version=&#8221;4.21.0&#8243; hover_enabled=&#8221;0&#8243; global_colors_info=&#8221;{}&#8221; sticky_enabled=&#8221;0&#8243;][\/et_pb_blurb][\/et_pb_column][et_pb_column type=&#8221;1_4&#8243; _builder_version=&#8221;4.16&#8243; custom_padding=&#8221;|||&#8221; global_colors_info=&#8221;{}&#8221; custom_padding__hover=&#8221;|||&#8221;][et_pb_blurb title=&#8221;full service in the field of the Common Agricultural Policy (CAP)&#8221; use_icon=&#8221;on&#8221; font_icon=&#8221;&#x4e;||divi||400&#8243; icon_placement=&#8221;left&#8221; _builder_version=&#8221;4.21.0&#8243; hover_enabled=&#8221;0&#8243; global_colors_info=&#8221;{}&#8221; sticky_enabled=&#8221;0&#8243;][\/et_pb_blurb][\/et_pb_column][\/et_pb_row][et_pb_row column_structure=&#8221;1_4,1_4,1_4,1_4&#8243; _builder_version=&#8221;4.16&#8243; background_size=&#8221;initial&#8221; background_position=&#8221;top_left&#8221; background_repeat=&#8221;repeat&#8221; global_colors_info=&#8221;{}&#8221;][et_pb_column type=&#8221;1_4&#8243; _builder_version=&#8221;4.16&#8243; custom_padding=&#8221;|||&#8221; global_colors_info=&#8221;{}&#8221; custom_padding__hover=&#8221;|||&#8221;][et_pb_blurb title=&#8221;obtaining on your behalf permits to place goods under an economic procedure&#8221; use_icon=&#8221;on&#8221; font_icon=&#8221;&#x4e;||divi||400&#8243; icon_placement=&#8221;left&#8221; _builder_version=&#8221;4.21.0&#8243; hover_enabled=&#8221;0&#8243; global_colors_info=&#8221;{}&#8221; sticky_enabled=&#8221;0&#8243;][\/et_pb_blurb][\/et_pb_column][et_pb_column type=&#8221;1_4&#8243; _builder_version=&#8221;4.16&#8243; custom_padding=&#8221;|||&#8221; global_colors_info=&#8221;{}&#8221; custom_padding__hover=&#8221;|||&#8221;][et_pb_blurb title=&#8221;issuing customs documents &#8211; EUR.1, Certificate of Origin, TIR carnet, CMR&#8221; use_icon=&#8221;on&#8221; font_icon=&#8221;&#x4e;||divi||400&#8243; icon_placement=&#8221;left&#8221; _builder_version=&#8221;4.21.0&#8243; hover_enabled=&#8221;0&#8243; global_colors_info=&#8221;{}&#8221; sticky_enabled=&#8221;0&#8243;][\/et_pb_blurb][\/et_pb_column][et_pb_column type=&#8221;1_4&#8243; _builder_version=&#8221;4.16&#8243; custom_padding=&#8221;|||&#8221; global_colors_info=&#8221;{}&#8221; custom_padding__hover=&#8221;|||&#8221;][et_pb_blurb title=&#8221;applications, appeals submitted to customs authorities&#8221; use_icon=&#8221;on&#8221; font_icon=&#8221;&#x4e;||divi||400&#8243; icon_placement=&#8221;left&#8221; _builder_version=&#8221;4.21.0&#8243; hover_enabled=&#8221;0&#8243; global_colors_info=&#8221;{}&#8221; sticky_enabled=&#8221;0&#8243;][\/et_pb_blurb][\/et_pb_column][et_pb_column type=&#8221;1_4&#8243; _builder_version=&#8221;4.16&#8243; custom_padding=&#8221;|||&#8221; global_colors_info=&#8221;{}&#8221; custom_padding__hover=&#8221;|||&#8221;][\/et_pb_column][\/et_pb_row][et_pb_row _builder_version=&#8221;4.16&#8243; background_size=&#8221;initial&#8221; background_position=&#8221;top_left&#8221; background_repeat=&#8221;repeat&#8221; global_colors_info=&#8221;{}&#8221;][et_pb_column type=&#8221;4_4&#8243; _builder_version=&#8221;4.16&#8243; custom_padding=&#8221;|||&#8221; global_colors_info=&#8221;{}&#8221; custom_padding__hover=&#8221;|||&#8221;][et_pb_text _builder_version=&#8221;4.21.0&#8243; _module_preset=&#8221;default&#8221; sticky_enabled=&#8221;0&#8243; text_font=&#8221;|300|||||||&#8221; text_font_size=&#8221;18px&#8221; header_font_size=&#8221;40px&#8221; header_font_size_phone=&#8221;25px&#8221; header_font_size_last_edited=&#8221;on|phone&#8221; header_2_font=&#8221;|300|||||||&#8221; header_2_font_size=&#8221;20px&#8221; header_2_font_size_phone=&#8221;15px&#8221; header_2_font_size_last_edited=&#8221;on|phone&#8221; header_font_size_tablet=&#8221;40px&#8221; header_2_font_size_tablet=&#8221;20px&#8221;]<\/p>\n<h2><strong>Simplified procedure<\/strong><\/h2>\n<p>Foreign trade requires the goods to be delivered to the customs office and declared for a customs procedure or customs destination (on the Single Administrative Document SAD). The simplified procedure allows you to replace the traditional declaration with an electronic notification from the customs office about the delivery of goods to the place where customs activities are to be performed. Therefore, it allows you to simplify the activities needed to place goods under a customs procedure.<\/p>\n<p>The simplified procedure does not imply any interference in the customs procedure itself and its course. However, it allows you to dispose of the goods faster, which is very important in a competitive market. Currently, this type of customs service is used not only by companies specializing in foreign trade but also by companies that want to deliver goods to foreign recipients faster or gain access to imported raw materials.<\/p>\n<p>In practice, the simplified procedure consists in taking over by a company specializing in customs services (having the status of a trusted importer and exporter) all formalities necessary to initiate the clearance procedure. The customs administration most often performs then only a selective control of the correctness of customs declarations.<\/p>\n<h2><strong>Simplified procedure &#8211; benefits<\/strong><\/h2>\n<p>The simplified procedure allows:<\/p>\n<ul>\n<li>save time &#8211; allows you to avoid long waiting times for customs clearance performed by an officer (the customs office decides within 1 hour<\/li>\n<li>reduce costs &#8211; the goods at the destination are waiting for formalities to be completed (costs related to the delivery of goods, vehicle parking, administrative and office services, and storage are reduced),<\/li>\n<li>make export clearance at any time (even after the working hours of the customs office),<\/li>\n<li>rationally plan delivery dates,<\/li>\n<li>fulfill customer orders faster,<\/li>\n<li>get quick access to imported goods,<\/li>\n<li>release the goods before payment is made,<\/li>\n<li>reduce the number of inspections and revisions of goods,<\/li>\n<li>obtain the possibility of deferring payment for customs and tax liabilities,<\/li>\n<li>settle VAT based on art. 33a of the Goods and Services Tax Act.<\/li>\n<\/ul>\n<h2><strong>Customs clearance in a simplified procedure<\/strong><\/h2>\n<p>The Kami Customs Agency has the permission of customs and fiscal authorities to carry out customs clearance in export and import under simplified procedures. This permit allows you to carry out checks in a very short time, also outside office hours. In addition, when making import clearance, the importer does not have to pay VAT at the time of customs clearance.<\/p>\n<h2><strong>Import customs clearance in a simplified procedure<\/strong><\/h2>\n<h3><strong>Fewer formalities<\/strong><\/h3>\n<p>The decision to release or control the goods is made by the customs office within the time strictly defined in the permit, in practice up to 1 hour. In contrast to standard customs clearance, where most of the activities related to the service rest with the customs officer, in the simplified procedure these duties are transferred to the customs agent. Customs clearance under the simplified procedure also allows for the application of deferred VAT. Thus, it creates the possibility of settling VAT on the import of goods in VAT-7 tax returns without the need to physically pay the tax to the account of the customs authorities at the time of clearance.<\/p>\n<h3>\u00a0<strong>What is an EORI number?<\/strong><\/h3>\n<p>Every entrepreneur interested in trade with countries outside the EU should have an EORI Number (Economic Operators Registration and Identification). What is this? It is a special identification number for business entities, which is granted once and is valid throughout the European Union. Thanks to it, the entrepreneur is recognized by the Community customs and tax authorities.<\/p>\n<h3>\u00a0<strong>How do I get an EORI number?<\/strong><\/h3>\n<p>The EORI number can be obtained by applying via the PUESC portal (www.puesc.gov.pl). Our agency can apply and obtain an EORI number for you acting based on the authorization granted.<\/p>\n<h2><strong>AEO certificate<\/strong><\/h2>\n<p>We are holders of the AEO (Authorised Economic Operator) Certificate, known in Poland as the Authorized Entrepreneur Certificate.<\/p>\n<p>An entity trading goods with foreign countries or an entity representing such companies may obtain an AEO certificate, and after obtaining it, benefit from facilitations related to customs control regarding safety and security, as well as simplifications provided for under customs regulations.<\/p>\n<h2>\u00a0<strong>Customs services &#8211; why AC KAMI?<\/strong><\/h2>\n<p>AC KAMI provides comprehensive services related to customs clearance in import and export. We keep track of tax and customs regulations and have many years of experience in this area. We specialize in customs clearance in a simplified procedure. We will quickly and efficiently declare your goods for customs clearance, prepare documents and clarify any doubts.<\/p>\n<p>[\/et_pb_text][\/et_pb_column][\/et_pb_row][et_pb_row _builder_version=&#8221;4.16&#8243; global_colors_info=&#8221;{}&#8221;][et_pb_column type=&#8221;4_4&#8243; _builder_version=&#8221;4.16&#8243; global_colors_info=&#8221;{}&#8221;][et_pb_code _builder_version=&#8221;4.21.0&#8243; text_orientation=&#8221;center&#8221; hover_enabled=&#8221;0&#8243; global_colors_info=&#8221;{}&#8221; sticky_enabled=&#8221;0&#8243;]<\/p>\n<h2 style=\"font-size: 24px;line-height:2em;\"><strong>Customs service &#8211; our certificates <\/strong><\/h2>\n<p>[\/et_pb_code][\/et_pb_column][\/et_pb_row][et_pb_row column_structure=&#8221;1_2,1_2&#8243; _builder_version=&#8221;4.16&#8243; global_colors_info=&#8221;{}&#8221;][et_pb_column type=&#8221;1_2&#8243; _builder_version=&#8221;4.16&#8243; global_colors_info=&#8221;{}&#8221;][et_pb_image src=&#8221;https:\/\/deklaracjeintrastat.pl\/wp-content\/uploads\/2020\/07\/Scan_20200707_155352-scaled.jpg&#8221; alt=&#8221;Decyzja o wpisie na list\u0119 agent\u00f3w celnych.&#8221; title_text=&#8221;Scan_20200707_155352&#8243; align=&#8221;center&#8221; _builder_version=&#8221;4.16&#8243; width=&#8221;75%&#8221; global_colors_info=&#8221;{}&#8221;][\/et_pb_image][\/et_pb_column][et_pb_column type=&#8221;1_2&#8243; _builder_version=&#8221;4.16&#8243; global_colors_info=&#8221;{}&#8221;][et_pb_image src=&#8221;https:\/\/deklaracjeintrastat.pl\/wp-content\/uploads\/2020\/07\/Scan_20200707_155223-2-scaled.jpg&#8221; alt=&#8221;\u015awiadectwo AEOC&#8221; title_text=&#8221;Scan_20200707_155223 (2)&#8221; align=&#8221;center&#8221; _builder_version=&#8221;4.16&#8243; width=&#8221;75%&#8221; global_colors_info=&#8221;{}&#8221;][\/et_pb_image][\/et_pb_column][\/et_pb_row][\/et_pb_section]<\/p>\n","protected":false},"excerpt":{"rendered":"<p>Many years of experience with AC KAMI in the customs industry and following the latest tax and customs regulations have prompted us to expand our services with customs clearance in a simplified procedure. The customs agency in Pozna\u0144 and Wrze\u015bnia conducts clearance both in the import and export of goods (export, import). We have a [&hellip;]<\/p>\n","protected":false},"author":1,"featured_media":0,"parent":0,"menu_order":0,"comment_status":"closed","ping_status":"closed","template":"","meta":{"_et_pb_use_builder":"on","_et_pb_old_content":"","_et_gb_content_width":"","footnotes":""},"class_list":["post-354","page","type-page","status-publish","hentry"],"yoast_head":"<!-- This site is optimized with the Yoast SEO plugin v27.6 - https:\/\/yoast.com\/product\/yoast-seo-wordpress\/ -->\n<title>Customs service - AC Kami<\/title>\n<meta name=\"robots\" content=\"index, follow, max-snippet:-1, max-image-preview:large, max-video-preview:-1\" \/>\n<link rel=\"canonical\" href=\"https:\/\/deklaracjeintrastat.pl\/en\/customs-service\/\" \/>\n<meta property=\"og:locale\" content=\"en_US\" \/>\n<meta property=\"og:type\" content=\"article\" \/>\n<meta property=\"og:title\" content=\"Customs service - AC Kami\" \/>\n<meta property=\"og:description\" content=\"Many years of experience with AC KAMI in the customs industry and following the latest tax and customs regulations have prompted us to expand our services with customs clearance in a simplified procedure. The customs agency in Pozna\u0144 and Wrze\u015bnia conducts clearance both in the import and export of goods (export, import). We have a [&hellip;]\" \/>\n<meta property=\"og:url\" content=\"https:\/\/deklaracjeintrastat.pl\/en\/customs-service\/\" \/>\n<meta property=\"og:site_name\" content=\"AC Kami\" \/>\n<meta property=\"article:modified_time\" content=\"2023-06-29T10:45:16+00:00\" \/>\n<meta name=\"twitter:card\" content=\"summary_large_image\" \/>\n<script type=\"application\/ld+json\" class=\"yoast-schema-graph\">{\"@context\":\"https:\\\/\\\/schema.org\",\"@graph\":[{\"@type\":\"WebPage\",\"@id\":\"https:\\\/\\\/deklaracjeintrastat.pl\\\/en\\\/customs-service\\\/\",\"url\":\"https:\\\/\\\/deklaracjeintrastat.pl\\\/en\\\/customs-service\\\/\",\"name\":\"Customs service - AC Kami\",\"isPartOf\":{\"@id\":\"https:\\\/\\\/deklaracjeintrastat.pl\\\/#website\"},\"datePublished\":\"2019-07-11T09:05:18+00:00\",\"dateModified\":\"2023-06-29T10:45:16+00:00\",\"breadcrumb\":{\"@id\":\"https:\\\/\\\/deklaracjeintrastat.pl\\\/en\\\/customs-service\\\/#breadcrumb\"},\"inLanguage\":\"en-US\",\"potentialAction\":[{\"@type\":\"ReadAction\",\"target\":[\"https:\\\/\\\/deklaracjeintrastat.pl\\\/en\\\/customs-service\\\/\"]}]},{\"@type\":\"BreadcrumbList\",\"@id\":\"https:\\\/\\\/deklaracjeintrastat.pl\\\/en\\\/customs-service\\\/#breadcrumb\",\"itemListElement\":[{\"@type\":\"ListItem\",\"position\":1,\"name\":\"Strona g\u0142\u00f3wna\",\"item\":\"https:\\\/\\\/deklaracjeintrastat.pl\\\/en\\\/\"},{\"@type\":\"ListItem\",\"position\":2,\"name\":\"Customs service\"}]},{\"@type\":\"WebSite\",\"@id\":\"https:\\\/\\\/deklaracjeintrastat.pl\\\/#website\",\"url\":\"https:\\\/\\\/deklaracjeintrastat.pl\\\/\",\"name\":\"AC Kami\",\"description\":\"Agencja Celna - Pozna\u0144, Wrze\u015bnia - Deklaracje Intrastat\",\"potentialAction\":[{\"@type\":\"SearchAction\",\"target\":{\"@type\":\"EntryPoint\",\"urlTemplate\":\"https:\\\/\\\/deklaracjeintrastat.pl\\\/?s={search_term_string}\"},\"query-input\":{\"@type\":\"PropertyValueSpecification\",\"valueRequired\":true,\"valueName\":\"search_term_string\"}}],\"inLanguage\":\"en-US\"}]}<\/script>\n<!-- \/ Yoast SEO plugin. -->","yoast_head_json":{"title":"Customs service - AC Kami","robots":{"index":"index","follow":"follow","max-snippet":"max-snippet:-1","max-image-preview":"max-image-preview:large","max-video-preview":"max-video-preview:-1"},"canonical":"https:\/\/deklaracjeintrastat.pl\/en\/customs-service\/","og_locale":"en_US","og_type":"article","og_title":"Customs service - AC Kami","og_description":"Many years of experience with AC KAMI in the customs industry and following the latest tax and customs regulations have prompted us to expand our services with customs clearance in a simplified procedure. The customs agency in Pozna\u0144 and Wrze\u015bnia conducts clearance both in the import and export of goods (export, import). We have a [&hellip;]","og_url":"https:\/\/deklaracjeintrastat.pl\/en\/customs-service\/","og_site_name":"AC Kami","article_modified_time":"2023-06-29T10:45:16+00:00","twitter_card":"summary_large_image","schema":{"@context":"https:\/\/schema.org","@graph":[{"@type":"WebPage","@id":"https:\/\/deklaracjeintrastat.pl\/en\/customs-service\/","url":"https:\/\/deklaracjeintrastat.pl\/en\/customs-service\/","name":"Customs service - AC Kami","isPartOf":{"@id":"https:\/\/deklaracjeintrastat.pl\/#website"},"datePublished":"2019-07-11T09:05:18+00:00","dateModified":"2023-06-29T10:45:16+00:00","breadcrumb":{"@id":"https:\/\/deklaracjeintrastat.pl\/en\/customs-service\/#breadcrumb"},"inLanguage":"en-US","potentialAction":[{"@type":"ReadAction","target":["https:\/\/deklaracjeintrastat.pl\/en\/customs-service\/"]}]},{"@type":"BreadcrumbList","@id":"https:\/\/deklaracjeintrastat.pl\/en\/customs-service\/#breadcrumb","itemListElement":[{"@type":"ListItem","position":1,"name":"Strona g\u0142\u00f3wna","item":"https:\/\/deklaracjeintrastat.pl\/en\/"},{"@type":"ListItem","position":2,"name":"Customs service"}]},{"@type":"WebSite","@id":"https:\/\/deklaracjeintrastat.pl\/#website","url":"https:\/\/deklaracjeintrastat.pl\/","name":"AC Kami","description":"Agencja Celna - Pozna\u0144, Wrze\u015bnia - Deklaracje Intrastat","potentialAction":[{"@type":"SearchAction","target":{"@type":"EntryPoint","urlTemplate":"https:\/\/deklaracjeintrastat.pl\/?s={search_term_string}"},"query-input":{"@type":"PropertyValueSpecification","valueRequired":true,"valueName":"search_term_string"}}],"inLanguage":"en-US"}]}},"_links":{"self":[{"href":"https:\/\/deklaracjeintrastat.pl\/en\/wp-json\/wp\/v2\/pages\/354","targetHints":{"allow":["GET"]}}],"collection":[{"href":"https:\/\/deklaracjeintrastat.pl\/en\/wp-json\/wp\/v2\/pages"}],"about":[{"href":"https:\/\/deklaracjeintrastat.pl\/en\/wp-json\/wp\/v2\/types\/page"}],"author":[{"embeddable":true,"href":"https:\/\/deklaracjeintrastat.pl\/en\/wp-json\/wp\/v2\/users\/1"}],"replies":[{"embeddable":true,"href":"https:\/\/deklaracjeintrastat.pl\/en\/wp-json\/wp\/v2\/comments?post=354"}],"version-history":[{"count":3,"href":"https:\/\/deklaracjeintrastat.pl\/en\/wp-json\/wp\/v2\/pages\/354\/revisions"}],"predecessor-version":[{"id":373,"href":"https:\/\/deklaracjeintrastat.pl\/en\/wp-json\/wp\/v2\/pages\/354\/revisions\/373"}],"wp:attachment":[{"href":"https:\/\/deklaracjeintrastat.pl\/en\/wp-json\/wp\/v2\/media?parent=354"}],"curies":[{"name":"wp","href":"https:\/\/api.w.org\/{rel}","templated":true}]}}